{"id":3131,"date":"2022-03-19T21:37:48","date_gmt":"2022-03-19T20:37:48","guid":{"rendered":"https:\/\/www.barrelart.at\/?page_id=3131"},"modified":"2022-03-19T21:38:32","modified_gmt":"2022-03-19T20:38:32","slug":"impressum","status":"publish","type":"page","link":"https:\/\/www.barrelart.at\/en\/impressum\/","title":{"rendered":"Impressum"},"content":{"rendered":"\t\t<div data-elementor-type=\"wp-page\" data-elementor-id=\"3131\" class=\"elementor elementor-3131 elementor-482\">\n\t\t\t\t\t\t\t\t\t<section class=\"elementor-section elementor-top-section elementor-element elementor-element-ad12038 elementor-section-full_width elementor-section-height-default elementor-section-height-default\" data-id=\"ad12038\" data-element_type=\"section\">\n\t\t\t\t\t\t<div class=\"elementor-container elementor-column-gap-default\">\n\t\t\t\t\t<div class=\"elementor-column elementor-col-100 elementor-top-column elementor-element elementor-element-d7a5a57\" data-id=\"d7a5a57\" data-element_type=\"column\">\n\t\t\t<div class=\"elementor-widget-wrap elementor-element-populated\">\n\t\t\t\t\t\t\t\t<div class=\"elementor-element elementor-element-11afc8d elementor-widget elementor-widget-image\" data-id=\"11afc8d\" data-element_type=\"widget\" data-widget_type=\"image.default\">\n\t\t\t\t<div class=\"elementor-widget-container\">\n\t\t\t<style>\/*! elementor - v3.9.2 - 21-12-2022 *\/\n.elementor-widget-image{text-align:center}.elementor-widget-image a{display:inline-block}.elementor-widget-image a img[src$=\".svg\"]{width:48px}.elementor-widget-image img{vertical-align:middle;display:inline-block}<\/style>\t\t\t\t\t\t\t\t\t\t\t\t<img decoding=\"async\" src=\"https:\/\/www.barrelart.at\/wp-content\/uploads\/elementor\/thumbs\/Design-ohne-Titel-3-pwqnzuvv0prrl1txc6dxai41fkvm6xfq9nbt4wqg2w.png\" title=\"Design-ohne-Titel-3\" alt=\"Design-ohne-Titel-3\" \/>\t\t\t\t\t\t\t\t\t\t\t\t\t\t\t<\/div>\n\t\t\t\t<\/div>\n\t\t\t\t\t<\/div>\n\t\t<\/div>\n\t\t\t\t\t\t\t<\/div>\n\t\t<\/section>\n\t\t\t\t<section class=\"elementor-section elementor-top-section elementor-element elementor-element-b872e71 elementor-section-boxed elementor-section-height-default elementor-section-height-default\" data-id=\"b872e71\" data-element_type=\"section\" data-settings=\"{&quot;background_background&quot;:&quot;classic&quot;}\">\n\t\t\t\t\t\t<div class=\"elementor-container elementor-column-gap-default\">\n\t\t\t\t\t<div class=\"elementor-column elementor-col-100 elementor-top-column elementor-element elementor-element-de07e48\" data-id=\"de07e48\" data-element_type=\"column\">\n\t\t\t<div class=\"elementor-widget-wrap elementor-element-populated\">\n\t\t\t\t\t\t\t\t<div class=\"elementor-element elementor-element-6273900 elementor-widget elementor-widget-image\" data-id=\"6273900\" data-element_type=\"widget\" data-widget_type=\"image.default\">\n\t\t\t\t<div class=\"elementor-widget-container\">\n\t\t\t\t\t\t\t\t\t\t\t\t\t\t\t<img decoding=\"async\" width=\"300\" height=\"67\" src=\"https:\/\/www.barrelart.at\/wp-content\/uploads\/2022\/02\/barrelart-font-kupfer-300x67.png\" class=\"attachment-medium size-medium wp-image-2295\" alt=\"\" loading=\"lazy\" srcset=\"https:\/\/www.barrelart.at\/wp-content\/uploads\/2022\/02\/barrelart-font-kupfer-300x67.png 300w, https:\/\/www.barrelart.at\/wp-content\/uploads\/2022\/02\/barrelart-font-kupfer-600x133.png 600w, https:\/\/www.barrelart.at\/wp-content\/uploads\/2022\/02\/barrelart-font-kupfer-1024x227.png 1024w, https:\/\/www.barrelart.at\/wp-content\/uploads\/2022\/02\/barrelart-font-kupfer-768x170.png 768w, https:\/\/www.barrelart.at\/wp-content\/uploads\/2022\/02\/barrelart-font-kupfer-1536x341.png 1536w, https:\/\/www.barrelart.at\/wp-content\/uploads\/2022\/02\/barrelart-font-kupfer-2048x454.png 2048w\" sizes=\"(max-width: 300px) 100vw, 300px\" \/>\t\t\t\t\t\t\t\t\t\t\t\t\t\t\t<\/div>\n\t\t\t\t<\/div>\n\t\t\t\t\t<\/div>\n\t\t<\/div>\n\t\t\t\t\t\t\t<\/div>\n\t\t<\/section>\n\t\t\t\t<section class=\"elementor-section elementor-top-section elementor-element elementor-element-ddcecfe elementor-section-boxed elementor-section-height-default elementor-section-height-default\" data-id=\"ddcecfe\" data-element_type=\"section\" data-settings=\"{&quot;background_background&quot;:&quot;classic&quot;}\">\n\t\t\t\t\t\t<div class=\"elementor-container elementor-column-gap-default\">\n\t\t\t\t\t<div class=\"elementor-column elementor-col-100 elementor-top-column elementor-element elementor-element-6fb695f\" data-id=\"6fb695f\" data-element_type=\"column\">\n\t\t\t<div class=\"elementor-widget-wrap elementor-element-populated\">\n\t\t\t\t\t\t\t\t<div class=\"elementor-element elementor-element-f978449 elementor-widget elementor-widget-text-editor\" data-id=\"f978449\" data-element_type=\"widget\" data-widget_type=\"text-editor.default\">\n\t\t\t\t<div class=\"elementor-widget-container\">\n\t\t\t<style>\/*! elementor - v3.9.2 - 21-12-2022 *\/\n.elementor-widget-text-editor.elementor-drop-cap-view-stacked .elementor-drop-cap{background-color:#818a91;color:#fff}.elementor-widget-text-editor.elementor-drop-cap-view-framed .elementor-drop-cap{color:#818a91;border:3px solid;background-color:transparent}.elementor-widget-text-editor:not(.elementor-drop-cap-view-default) .elementor-drop-cap{margin-top:8px}.elementor-widget-text-editor:not(.elementor-drop-cap-view-default) .elementor-drop-cap-letter{width:1em;height:1em}.elementor-widget-text-editor .elementor-drop-cap{float:left;text-align:center;line-height:1;font-size:50px}.elementor-widget-text-editor .elementor-drop-cap-letter{display:inline-block}<\/style>\t\t\t\t<p><strong>BarrelArt EN<br \/><\/strong><\/p><p><strong>Marie-Luise Weber<\/strong><\/p><p><strong>Tel: +43 664 20 71 190<\/strong><\/p><p><strong>E-Mail: g.weber@barrelart.at<\/strong><\/p><p>Anwendbare Vorschriften: Gewerbeordnung, Mediengesetz, ggf. E-Commerce-Gesetz, Telekommunikationsgesetz<\/p><p>Siehe Rechtsinformationsservice des Bundeskanzleramtes:<\/p><p>Kammer: Wirtschaftskammer Steiermark<\/p><p>Beh\u00f6rde gem. E-Commerce-Gesetz: Magistrat der Stadt Graz<\/p><p>Im Rahmen des Telekommunikationsgesetzes die Rundfunk und Telekom Regulierungs GmbH\/Telekom Control Kommission,<\/p><p>Mariahilfer Stra\u00dfe 77-79, 1060 Wien<\/p><p>Verbraucher haben die M\u00f6glichkeit, Beschwerden an die Online-Streitbeilegungsplattform der EU zu richten: http:\/\/ec.europa.eu\/odr<\/p><p>Sie k\u00f6nnen allf\u00e4llige Beschwerde auch an die oben angegebene E-Mail-Adresse richten.<\/p><p>Alle Informationen, Dokumente und Grafiken, die von uns im World Wide Web ver\u00f6ffentlicht werden, sind nach bestem Wissen und Gewissen zusammengestellt und sorgf\u00e4ltig gepr\u00fcft. Sie entsprechen den geltenden Rechtsvorschriften in \u00d6sterreich.<\/p><p>Wir sind stetig bem\u00fcht, das Angebot auf diesem Server zu erweitern und zu aktualisieren.<\/p><p>Verweise auf andere Internet-Publikationen stellen einen zus\u00e4tzlichen Service f\u00fcr den User dar und sind nicht als Empfehlung f\u00fcr das jeweilige Unternehmen, dessen Produkte oder Dienstleistungen zu verstehen.<\/p>\t\t\t\t\t\t<\/div>\n\t\t\t\t<\/div>\n\t\t\t\t\t<\/div>\n\t\t<\/div>\n\t\t\t\t\t\t\t<\/div>\n\t\t<\/section>\n\t\t\t\t\t\t\t<\/div>\n\t\t","protected":false},"excerpt":{"rendered":"<p>BarrelArt EN Marie-Luise Weber Tel: +43 664 20 71 190 E-Mail: g.weber@barrelart.at Anwendbare Vorschriften: Gewerbeordnung, Mediengesetz, ggf. E-Commerce-Gesetz, Telekommunikationsgesetz Siehe Rechtsinformationsservice des Bundeskanzleramtes: Kammer: Wirtschaftskammer Steiermark Beh\u00f6rde gem. E-Commerce-Gesetz: Magistrat der Stadt Graz Im Rahmen des Telekommunikationsgesetzes die Rundfunk und Telekom Regulierungs GmbH\/Telekom Control Kommission, Mariahilfer Stra\u00dfe 77-79, 1060 Wien Verbraucher haben die M\u00f6glichkeit, Beschwerden [&hellip;]<\/p>\n","protected":false},"author":1,"featured_media":0,"parent":0,"menu_order":0,"comment_status":"closed","ping_status":"closed","template":"","meta":[],"yoast_head":"<!-- This site is optimized with the Yoast SEO plugin v19.13 - https:\/\/yoast.com\/wordpress\/plugins\/seo\/ -->\n<title>Impressum - BarrelArt<\/title>\n<meta name=\"robots\" content=\"index, follow, max-snippet:-1, max-image-preview:large, max-video-preview:-1\" \/>\n<link rel=\"canonical\" href=\"https:\/\/www.barrelart.at\/en\/impressum\/\" \/>\n<meta property=\"og:locale\" content=\"en_US\" \/>\n<meta property=\"og:type\" content=\"article\" \/>\n<meta property=\"og:title\" content=\"Impressum - BarrelArt\" \/>\n<meta property=\"og:description\" content=\"BarrelArt EN Marie-Luise Weber Tel: +43 664 20 71 190 E-Mail: g.weber@barrelart.at Anwendbare Vorschriften: Gewerbeordnung, Mediengesetz, ggf. E-Commerce-Gesetz, Telekommunikationsgesetz Siehe Rechtsinformationsservice des Bundeskanzleramtes: Kammer: Wirtschaftskammer Steiermark Beh\u00f6rde gem. E-Commerce-Gesetz: Magistrat der Stadt Graz Im Rahmen des Telekommunikationsgesetzes die Rundfunk und Telekom Regulierungs GmbH\/Telekom Control Kommission, Mariahilfer Stra\u00dfe 77-79, 1060 Wien Verbraucher haben die M\u00f6glichkeit, Beschwerden [&hellip;]\" \/>\n<meta property=\"og:url\" content=\"https:\/\/www.barrelart.at\/en\/impressum\/\" \/>\n<meta property=\"og:site_name\" content=\"BarrelArt\" \/>\n<meta property=\"article:modified_time\" content=\"2022-03-19T20:38:32+00:00\" \/>\n<meta property=\"og:image\" content=\"https:\/\/www.barrelart.at\/wp-content\/uploads\/elementor\/thumbs\/Design-ohne-Titel-3-pk97ugh9qb65badgynpi7nxqbt9v80rvylesufhs6g.png\" \/>\n<meta name=\"twitter:card\" content=\"summary_large_image\" \/>\n<meta name=\"twitter:label1\" content=\"Est. reading time\" \/>\n\t<meta name=\"twitter:data1\" content=\"2 minutes\" \/>\n<script type=\"application\/ld+json\" class=\"yoast-schema-graph\">{\"@context\":\"https:\/\/schema.org\",\"@graph\":[{\"@type\":\"WebPage\",\"@id\":\"https:\/\/www.barrelart.at\/en\/impressum\/\",\"url\":\"https:\/\/www.barrelart.at\/en\/impressum\/\",\"name\":\"Impressum - BarrelArt\",\"isPartOf\":{\"@id\":\"https:\/\/www.barrelart.at\/en\/#website\"},\"datePublished\":\"2022-03-19T20:37:48+00:00\",\"dateModified\":\"2022-03-19T20:38:32+00:00\",\"breadcrumb\":{\"@id\":\"https:\/\/www.barrelart.at\/en\/impressum\/#breadcrumb\"},\"inLanguage\":\"en-US\",\"potentialAction\":[{\"@type\":\"ReadAction\",\"target\":[\"https:\/\/www.barrelart.at\/en\/impressum\/\"]}]},{\"@type\":\"BreadcrumbList\",\"@id\":\"https:\/\/www.barrelart.at\/en\/impressum\/#breadcrumb\",\"itemListElement\":[{\"@type\":\"ListItem\",\"position\":1,\"name\":\"Startseite\",\"item\":\"https:\/\/www.barrelart.at\/en\/\"},{\"@type\":\"ListItem\",\"position\":2,\"name\":\"Impressum\"}]},{\"@type\":\"WebSite\",\"@id\":\"https:\/\/www.barrelart.at\/en\/#website\",\"url\":\"https:\/\/www.barrelart.at\/en\/\",\"name\":\"BarrelArt\",\"description\":\"\",\"publisher\":{\"@id\":\"https:\/\/www.barrelart.at\/en\/#organization\"},\"potentialAction\":[{\"@type\":\"SearchAction\",\"target\":{\"@type\":\"EntryPoint\",\"urlTemplate\":\"https:\/\/www.barrelart.at\/en\/?s={search_term_string}\"},\"query-input\":\"required name=search_term_string\"}],\"inLanguage\":\"en-US\"},{\"@type\":\"Organization\",\"@id\":\"https:\/\/www.barrelart.at\/en\/#organization\",\"name\":\"BarrelArt\",\"url\":\"https:\/\/www.barrelart.at\/en\/\",\"logo\":{\"@type\":\"ImageObject\",\"inLanguage\":\"en-US\",\"@id\":\"https:\/\/www.barrelart.at\/en\/#\/schema\/logo\/image\/\",\"url\":\"https:\/\/www.barrelart.at\/wp-content\/uploads\/2022\/02\/cropped-android-chrome-512x512-1.png\",\"contentUrl\":\"https:\/\/www.barrelart.at\/wp-content\/uploads\/2022\/02\/cropped-android-chrome-512x512-1.png\",\"width\":512,\"height\":512,\"caption\":\"BarrelArt\"},\"image\":{\"@id\":\"https:\/\/www.barrelart.at\/en\/#\/schema\/logo\/image\/\"}}]}<\/script>\n<!-- \/ Yoast SEO plugin. -->","yoast_head_json":{"title":"Impressum - BarrelArt","robots":{"index":"index","follow":"follow","max-snippet":"max-snippet:-1","max-image-preview":"max-image-preview:large","max-video-preview":"max-video-preview:-1"},"canonical":"https:\/\/www.barrelart.at\/en\/impressum\/","og_locale":"en_US","og_type":"article","og_title":"Impressum - BarrelArt","og_description":"BarrelArt EN Marie-Luise Weber Tel: +43 664 20 71 190 E-Mail: g.weber@barrelart.at Anwendbare Vorschriften: Gewerbeordnung, Mediengesetz, ggf. E-Commerce-Gesetz, Telekommunikationsgesetz Siehe Rechtsinformationsservice des Bundeskanzleramtes: Kammer: Wirtschaftskammer Steiermark Beh\u00f6rde gem. E-Commerce-Gesetz: Magistrat der Stadt Graz Im Rahmen des Telekommunikationsgesetzes die Rundfunk und Telekom Regulierungs GmbH\/Telekom Control Kommission, Mariahilfer Stra\u00dfe 77-79, 1060 Wien Verbraucher haben die M\u00f6glichkeit, Beschwerden [&hellip;]","og_url":"https:\/\/www.barrelart.at\/en\/impressum\/","og_site_name":"BarrelArt","article_modified_time":"2022-03-19T20:38:32+00:00","og_image":[{"url":"https:\/\/www.barrelart.at\/wp-content\/uploads\/elementor\/thumbs\/Design-ohne-Titel-3-pk97ugh9qb65badgynpi7nxqbt9v80rvylesufhs6g.png"}],"twitter_card":"summary_large_image","twitter_misc":{"Est. reading time":"2 minutes"},"schema":{"@context":"https:\/\/schema.org","@graph":[{"@type":"WebPage","@id":"https:\/\/www.barrelart.at\/en\/impressum\/","url":"https:\/\/www.barrelart.at\/en\/impressum\/","name":"Impressum - BarrelArt","isPartOf":{"@id":"https:\/\/www.barrelart.at\/en\/#website"},"datePublished":"2022-03-19T20:37:48+00:00","dateModified":"2022-03-19T20:38:32+00:00","breadcrumb":{"@id":"https:\/\/www.barrelart.at\/en\/impressum\/#breadcrumb"},"inLanguage":"en-US","potentialAction":[{"@type":"ReadAction","target":["https:\/\/www.barrelart.at\/en\/impressum\/"]}]},{"@type":"BreadcrumbList","@id":"https:\/\/www.barrelart.at\/en\/impressum\/#breadcrumb","itemListElement":[{"@type":"ListItem","position":1,"name":"Startseite","item":"https:\/\/www.barrelart.at\/en\/"},{"@type":"ListItem","position":2,"name":"Impressum"}]},{"@type":"WebSite","@id":"https:\/\/www.barrelart.at\/en\/#website","url":"https:\/\/www.barrelart.at\/en\/","name":"BarrelArt","description":"","publisher":{"@id":"https:\/\/www.barrelart.at\/en\/#organization"},"potentialAction":[{"@type":"SearchAction","target":{"@type":"EntryPoint","urlTemplate":"https:\/\/www.barrelart.at\/en\/?s={search_term_string}"},"query-input":"required name=search_term_string"}],"inLanguage":"en-US"},{"@type":"Organization","@id":"https:\/\/www.barrelart.at\/en\/#organization","name":"BarrelArt","url":"https:\/\/www.barrelart.at\/en\/","logo":{"@type":"ImageObject","inLanguage":"en-US","@id":"https:\/\/www.barrelart.at\/en\/#\/schema\/logo\/image\/","url":"https:\/\/www.barrelart.at\/wp-content\/uploads\/2022\/02\/cropped-android-chrome-512x512-1.png","contentUrl":"https:\/\/www.barrelart.at\/wp-content\/uploads\/2022\/02\/cropped-android-chrome-512x512-1.png","width":512,"height":512,"caption":"BarrelArt"},"image":{"@id":"https:\/\/www.barrelart.at\/en\/#\/schema\/logo\/image\/"}}]}},"_links":{"self":[{"href":"https:\/\/www.barrelart.at\/en\/wp-json\/wp\/v2\/pages\/3131"}],"collection":[{"href":"https:\/\/www.barrelart.at\/en\/wp-json\/wp\/v2\/pages"}],"about":[{"href":"https:\/\/www.barrelart.at\/en\/wp-json\/wp\/v2\/types\/page"}],"author":[{"embeddable":true,"href":"https:\/\/www.barrelart.at\/en\/wp-json\/wp\/v2\/users\/1"}],"replies":[{"embeddable":true,"href":"https:\/\/www.barrelart.at\/en\/wp-json\/wp\/v2\/comments?post=3131"}],"version-history":[{"count":4,"href":"https:\/\/www.barrelart.at\/en\/wp-json\/wp\/v2\/pages\/3131\/revisions"}],"predecessor-version":[{"id":3135,"href":"https:\/\/www.barrelart.at\/en\/wp-json\/wp\/v2\/pages\/3131\/revisions\/3135"}],"wp:attachment":[{"href":"https:\/\/www.barrelart.at\/en\/wp-json\/wp\/v2\/media?parent=3131"}],"curies":[{"name":"wp","href":"https:\/\/api.w.org\/{rel}","templated":true}]}}